{"id":181,"date":"2019-03-28T17:38:29","date_gmt":"2019-03-28T17:38:29","guid":{"rendered":"http:\/\/ak-frieden.de\/?page_id=181"},"modified":"2019-07-10T12:19:05","modified_gmt":"2019-07-10T12:19:05","slug":"mai-2019","status":"publish","type":"page","link":"https:\/\/ak-frieden.de\/?page_id=181","title":{"rendered":"Juni 2019"},"content":{"rendered":"\n<h2 class=\"wp-block-heading\"><strong>Stoppt den drohenden Krieg gegen den Iran! Deshalb am 29. Juni f\u00fcr die Schlie\u00dfung der Air Base Ramstein demonstrieren!<\/strong><\/h2>\n\n\n\n<p>Es ist kein Gespenst mehr, das durch die Politik und die Gazetten wabert, es ist die brutale Realit\u00e4t. Der Krieg gegen den Iran steht auf der Agenda der politischen F\u00fchrung der USA. Mit Provokationen wird versucht, zu einem hei\u00dfen Krieg zu kommen. Krieg gegen den Iran gibt es aber schon heute. Die brutalen Sanktionen gegen die Menschen des Landes sind ein Wirtschafts- und Handelskrieg. Er richtet sich kalt und brutal gegen die B\u00fcrgerinnen und B\u00fcrger eines leidgepr\u00fcften Landes. Den hei\u00dfen Krieg, das t\u00e4gliche Bombardement und das tausendfache Sterben k\u00f6nnen wir noch abwenden. Statt Konfrontation gegen den Iran, muss die T\u00fcr zu einer politischen, friedlichen L\u00f6sung ge\u00f6ffnet werden. Das k\u00f6nnen und m\u00fcssen wir erstreiten und erk\u00e4mpfen. Um diesem gro\u00dfen Friedensziel n\u00e4her zu kommen, m\u00fcssen m\u00f6glichst viele von Euch am 29. Juni vor der Air Base Ramstein demonstrieren. Die Air Base Ramstein ist unverzichtbar f\u00fcr die Kriegsf\u00fchrung der USA. Hier sitzen die zentralen Kommandozentralen f\u00fcr die Luftkriegsf\u00fchrung gegen den Iran. Hier lagert die Munition, die f\u00fcr die Kriegsf\u00fchrung ben\u00f6tigt wird. \u00dcber Ramstein werden die Truppen und Materialien f\u00fcr einen Kriegseinsatz in den Nahen Osten geflogen. Den Kriegstreibern entgegen zu treten, hei\u00dft auf der Stra\u00dfe massenhaft von der Bundesregierung zu fordern: Keine Beteiligung unseres Landes an einem Krieg gegen den Iran! Die Air Base Ramstein darf nicht als Kriegsdrehscheibe genutzt werden! Von deutschem Boden darf kein Krieg ausgehen! Deshalb: Keine \u00dcberflugrechte und Landerechte f\u00fcr US-Flugzeuge, keine Nutzung deutscher Infrastruktur f\u00fcr diesen v\u00f6lkerrechtswidrigen Krieg, keine nachrichtendienstliche und logistische Kooperation bei der Kriegsf\u00fchrung! Lauwarme Erkl\u00e4rungen seitens der Bundesregierung f\u00fcr eine angebliche Nichtbeteiligung reichen nicht aus. Noch kann der hei\u00dfe Krieg durch unseren Protest gestoppt werden. Noch kann das massenhafte Morden im Iran abgewendet werden. Deshalb kommt nach Ramstein zur Demonstration am 29. Juni 2019. Frieden von deutschem Boden hei\u00dft K\u00fcndigung des sog. Truppenstationierungsabkommens und Schlie\u00dfung der Air Base Ramstein. Kein Krieg gegen den Iran! Demonstriert mit uns! Gib dem Frieden bei der Demonstration gegen die Air Base Ramstein Deine Stimme \u2013 Jede und Jeder z\u00e4hlt! Weitere Informationen zur Demonstration am 29. Juni 2019:\nhttps:\/\/www.ramstein-kampagne.eu\/demonstration-und-festival-2019<\/p>\n","protected":false},"excerpt":{"rendered":"<p>Stoppt den drohenden Krieg gegen den Iran! Deshalb am 29. Juni f\u00fcr die Schlie\u00dfung der Air Base Ramstein demonstrieren! Es ist kein Gespenst mehr, das durch die Politik und die Gazetten wabert, es ist die brutale Realit\u00e4t. Der Krieg gegen den Iran steht auf der Agenda der politischen F\u00fchrung der USA. Mit Provokationen wird versucht, &hellip; <a href=\"https:\/\/ak-frieden.de\/?page_id=181\" class=\"more-link\"><span class=\"screen-reader-text\">&#8222;Juni 2019&#8220; <\/span>weiterlesen<\/a><\/p>\n","protected":false},"author":1,"featured_media":0,"parent":0,"menu_order":0,"comment_status":"closed","ping_status":"closed","template":"","meta":{"footnotes":""},"class_list":["post-181","page","type-page","status-publish","hentry"],"_links":{"self":[{"href":"https:\/\/ak-frieden.de\/index.php?rest_route=\/wp\/v2\/pages\/181","targetHints":{"allow":["GET"]}}],"collection":[{"href":"https:\/\/ak-frieden.de\/index.php?rest_route=\/wp\/v2\/pages"}],"about":[{"href":"https:\/\/ak-frieden.de\/index.php?rest_route=\/wp\/v2\/types\/page"}],"author":[{"embeddable":true,"href":"https:\/\/ak-frieden.de\/index.php?rest_route=\/wp\/v2\/users\/1"}],"replies":[{"embeddable":true,"href":"https:\/\/ak-frieden.de\/index.php?rest_route=%2Fwp%2Fv2%2Fcomments&post=181"}],"version-history":[{"count":5,"href":"https:\/\/ak-frieden.de\/index.php?rest_route=\/wp\/v2\/pages\/181\/revisions"}],"predecessor-version":[{"id":282,"href":"https:\/\/ak-frieden.de\/index.php?rest_route=\/wp\/v2\/pages\/181\/revisions\/282"}],"wp:attachment":[{"href":"https:\/\/ak-frieden.de\/index.php?rest_route=%2Fwp%2Fv2%2Fmedia&parent=181"}],"curies":[{"name":"wp","href":"https:\/\/api.w.org\/{rel}","templated":true}]}}